{"id":61,"date":"2022-12-19T14:33:03","date_gmt":"2022-12-19T14:33:03","guid":{"rendered":"https:\/\/microct.com.tr\/?page_id=61"},"modified":"2023-02-17T14:50:08","modified_gmt":"2023-02-17T14:50:08","slug":"yasam-bilimleri","status":"publish","type":"page","link":"https:\/\/microct.com.tr\/?page_id=61","title":{"rendered":"Ya\u015fam Bilimleri"},"content":{"rendered":"G\u0131da Uygulamalar\u0131, Kemik,Dental numuneler ve Preklinik uygulamalarda MicroCT \u00e7ok yayg\u0131n olarak kullan\u0131lmaktad\u0131r\r\n\r\nG\u0131da end\u00fcstrisinde, \u00fcr\u00fcn geli\u015ftirmede yap\u0131 ve \u00f6zellikler aras\u0131ndaki ili\u015fkiyi ara\u015ft\u0131rabilir, ayr\u0131ca raf \u00f6mr\u00fc vb. hakk\u0131nda fikir edinebilirsiniz. Hassas g\u0131dalar da dahil olmak \u00fczere her \u015fekildeki numuneleri \u00e7ok az veya hi\u00e7 numune haz\u0131rl\u0131\u011f\u0131 olmadan analiz edebilirsiniz.\r\n<table style=\"height: 156px;\" width=\"720\">\r\n<tbody>\r\n<tr>\r\n<td width=\"111\"><strong>G\u0131da End\u00fcstrisi Alanlar\u0131<\/strong><\/td>\r\n<td width=\"525\">Yeni \u00fcr\u00fcn geli\u015ftirme re-form\u00fclasyon denemeleri, g\u0131da \u00fcr\u00fcn\u00fc zamanla de\u011fi\u015fimi, raf \u00f6mr\u00fc belirleme, paketleme kontrol\u00fc (kusurlar dahil)<\/td>\r\n<\/tr>\r\n<tr>\r\n<td width=\"111\"><strong>Yap\u0131 ve Doku<\/strong>\r\n\r\n&nbsp;<\/td>\r\n<td width=\"525\">Yap\u0131sal karakterizasyon, doku, \u0130\u015flemenin etkileri, bile\u015fenlerin ve katk\u0131 maddelerinin yap\u0131 \u00fczerindeki etkileri, geni\u015fleme ve \u00e7atlaklar \u2013 mikron alt\u0131 \u00e7\u00f6z\u00fcn\u00fcrl\u00fckle, par\u00e7ac\u0131klar\u0131n da\u011f\u0131l\u0131m\u0131, nem ge\u00e7i\u015fi ve dahas\u0131<\/td>\r\n<\/tr>\r\n<tr>\r\n<td width=\"111\"><strong>G\u00f6zeneklilik<\/strong><\/td>\r\n<td width=\"525\">G\u00f6zeneklilik\/ yo\u011funluk, kabarc\u0131k boyutu ve da\u011f\u0131l\u0131m\u0131, unlu mam\u00fcllerde ince cidarlar<\/td>\r\n<\/tr>\r\n<\/tbody>\r\n<\/table>\r\n<iframe loading=\"lazy\" title=\"Chestnut - Roasted (Part 2)\" width=\"500\" height=\"375\" src=\"https:\/\/www.youtube.com\/embed\/zZCCSrXNVlw?feature=oembed\" frameborder=\"0\" allow=\"accelerometer; autoplay; clipboard-write; encrypted-media; gyroscope; picture-in-picture; web-share\" referrerpolicy=\"strict-origin-when-cross-origin\" allowfullscreen><\/iframe>\r\n\r\n&nbsp;\r\n\r\nKemik ve Dental uygulamalarda microct, mikrometre \u00f6l\u00e7e\u011finde ince, son derece ayr\u0131nt\u0131l\u0131 g\u00f6r\u00fcnt\u00fcler sunar. Tahribats\u0131z oldu\u011fundan, numuneniz \u00fczerinden birden \u00e7ok taraman\u0131n yan\u0131 s\u0131ra sanal dilimler ve u\u00e7u\u015flar alabilirsiniz.\r\n<table style=\"height: 148px;\" width=\"817\">\r\n<tbody>\r\n<tr>\r\n<td width=\"108\"><strong>Di\u015f<\/strong><\/td>\r\n<td width=\"462\">Di\u015f ve kemik dokusunun morfometrik analizi, endodontik ara\u015ft\u0131rma ve k\u00f6k kanal\u0131, emaye ve dentini ay\u0131rma, periodontolojide az\u0131 di\u015fleri ve \u00e7ene kemi\u011fi, vb.<\/td>\r\n<\/tr>\r\n<tr>\r\n<td width=\"108\"><strong>Kemik<\/strong><\/td>\r\n<td width=\"462\">Kemik hastal\u0131\u011f\u0131 modelleri, klinik \u00f6ncesi g\u00f6r\u00fcnt\u00fcleme, densitometri, hacim analizi, yap\u0131, g\u00f6zeneklilik, k\u0131r\u0131klar ve iyile\u015fme, biyomateryaller, k\u0131k\u0131rdak analizi<\/td>\r\n<\/tr>\r\n<tr>\r\n<td width=\"108\"><strong>Paleontoloji<\/strong><\/td>\r\n<td width=\"462\">*Kemikler, fosiller ve arkeolojik \u00f6rnekler.<\/td>\r\n<\/tr>\r\n<\/tbody>\r\n<\/table>\r\n<iframe loading=\"lazy\" title=\"Bone Research &amp; MicroCT | Applications of MicroCT in Life Science #1\" width=\"500\" height=\"375\" src=\"https:\/\/www.youtube.com\/embed\/g2LqxUNWAjU?feature=oembed\" frameborder=\"0\" allow=\"accelerometer; autoplay; clipboard-write; encrypted-media; gyroscope; picture-in-picture; web-share\" referrerpolicy=\"strict-origin-when-cross-origin\" allowfullscreen><\/iframe>\r\n\r\n&nbsp;\r\n\r\nPreklinik uygulamalarda 2 farkl\u0131 model microCT kullan\u0131lmaktad\u0131r. Ex-vivo ve in-vivo cihazlar canl\u0131 rat taramas\u0131 ve rat numune taramas\u0131 yapan cihazlard\u0131r.\r\n<table style=\"height: 312px;\" width=\"820\">\r\n<tbody>\r\n<tr>\r\n<td width=\"140\">\r\n<h3>Pn\u00f6moloji<\/h3>\r\n<\/td>\r\n<td width=\"497\">SKYSCAN 1278, hem fare hem de s\u0131\u00e7an i\u00e7in \u00e7ok y\u00f6nl\u00fc bir akci\u011fer g\u00f6r\u00fcnt\u00fcleme \u00e7\u00f6z\u00fcm\u00fc sunar. B\u00fcy\u00fck ve h\u0131zl\u0131 cMOS d\u00fcz panel r\u00f6ntgen kameras\u0131 sayesinde s\u0131\u00e7an akci\u011ferleri tek bir taramal\u0131 FOV&#8217;da g\u00f6r\u00fcnt\u00fclenir.<\/td>\r\n<\/tr>\r\n<tr>\r\n<td width=\"140\"><strong>V\u00fccut kompozisyonu<\/strong><\/td>\r\n<td width=\"497\">Fare veya s\u0131\u00e7an\u0131n v\u00fccut kompozisyonunun hesaplanmas\u0131 ve g\u00f6rselle\u015ftirilmesi sadece birka\u00e7 ad\u0131mda kolayca ger\u00e7ekle\u015ftirilir. V\u00fccutta do\u011fal olarak olu\u015fan x-\u0131\u015f\u0131n\u0131 yo\u011funluklar\u0131ndan biri oldu\u011fu ve di\u011ferleri ya\u011fs\u0131z doku, akci\u011fer dokusu ve kemik oldu\u011fu i\u00e7in v\u00fccut ya\u011f\u0131n\u0131 analiz etmek i\u00e7in ek bir kontrast maddeye gerek yoktur. SKYSCAN 1278 ile v\u00fccut dokusu bile\u015fimi analizi, genetik taramaya uygun olarak y\u00fcksek d\u00fczeyde otomatik ve y\u00fcksek verimli olabilir.<\/td>\r\n<\/tr>\r\n<tr>\r\n<td width=\"140\"><strong>Kardiyovask\u00fcler Uygulamalar<\/strong><\/td>\r\n<td width=\"497\">SKYSCAN 1278, hem fare hem de s\u0131\u00e7an i\u00e7in \u00e7ok y\u00f6nl\u00fc bir kardiyak g\u00f6r\u00fcnt\u00fcleme \u00e7\u00f6z\u00fcm\u00fcd\u00fcr. B\u00fcy\u00fck ve h\u0131zl\u0131 cMOS d\u00fcz panel r\u00f6ntgen kameras\u0131 sayesinde s\u0131\u00e7an kalbi ve akci\u011ferleri tek bir taramal\u0131 FOV&#8217;da g\u00f6r\u00fcnt\u00fclenir. Taray\u0131c\u0131 ve beraberindeki yaz\u0131l\u0131m, g\u00fcvenli iyonla\u015ft\u0131r\u0131c\u0131 radyasyon seviyeleri ile k\u0131sa tarama s\u00fcrelerinde keskin zaman kap\u0131l\u0131 kardiyak, akci\u011fer ve ikili (kardiyak-akci\u011fer kap\u0131l\u0131) g\u00f6r\u00fcnt\u00fcler sa\u011flar. T\u00fcm SKYSCAN in vivo taray\u0131c\u0131larda oldu\u011fu gibi, hayvan\u0131n refah\u0131 en y\u00fcksek \u00f6ncelik ile fizyolojik izleme, cihaz\u0131n merkezinde yer al\u0131r.<\/td>\r\n<\/tr>\r\n<\/tbody>\r\n<\/table>\r\n<iframe loading=\"lazy\" title=\"Pneumology &amp; MicroCT | Applications of MicroCT in Life Science #3\" width=\"500\" height=\"375\" src=\"https:\/\/www.youtube.com\/embed\/sy5jJ8jUafI?feature=oembed\" frameborder=\"0\" allow=\"accelerometer; autoplay; clipboard-write; encrypted-media; gyroscope; picture-in-picture; web-share\" referrerpolicy=\"strict-origin-when-cross-origin\" allowfullscreen><\/iframe>","protected":false},"excerpt":{"rendered":"<div class=\"mh-excerpt\"><p>G\u0131da Uygulamalar\u0131, Kemik,Dental numuneler ve Preklinik uygulamalarda MicroCT \u00e7ok yayg\u0131n olarak kullan\u0131lmaktad\u0131r G\u0131da end\u00fcstrisinde, \u00fcr\u00fcn geli\u015ftirmede yap\u0131 ve \u00f6zellikler aras\u0131ndaki ili\u015fkiyi ara\u015ft\u0131rabilir, ayr\u0131ca raf \u00f6mr\u00fc <a class=\"mh-excerpt-more\" href=\"https:\/\/microct.com.tr\/?page_id=61\" title=\"Ya\u015fam Bilimleri\">[&#8230;]<\/a><\/p>\n<\/div>","protected":false},"author":1,"featured_media":0,"parent":0,"menu_order":0,"comment_status":"closed","ping_status":"closed","template":"","meta":{"advgb_blocks_editor_width":"","advgb_blocks_columns_visual_guide":"","footnotes":""},"class_list":["post-61","page","type-page","status-publish","hentry"],"coauthors":[],"author_meta":{"author_link":"https:\/\/microct.com.tr\/?author=1","display_name":"teknohoras"},"relative_dates":{"created":"Posted 3 y\u0131l ago","modified":"Updated 3 y\u0131l ago"},"absolute_dates":{"created":"Posted on Aral\u0131k 19, 2022","modified":"Updated on \u015eubat 17, 2023"},"absolute_dates_time":{"created":"Posted on Aral\u0131k 19, 2022 2:33 pm","modified":"Updated on \u015eubat 17, 2023 2:50 pm"},"featured_img_caption":"","featured_img":false,"series_order":"","_links":{"self":[{"href":"https:\/\/microct.com.tr\/index.php?rest_route=\/wp\/v2\/pages\/61","targetHints":{"allow":["GET"]}}],"collection":[{"href":"https:\/\/microct.com.tr\/index.php?rest_route=\/wp\/v2\/pages"}],"about":[{"href":"https:\/\/microct.com.tr\/index.php?rest_route=\/wp\/v2\/types\/page"}],"author":[{"embeddable":true,"href":"https:\/\/microct.com.tr\/index.php?rest_route=\/wp\/v2\/users\/1"}],"replies":[{"embeddable":true,"href":"https:\/\/microct.com.tr\/index.php?rest_route=%2Fwp%2Fv2%2Fcomments&post=61"}],"version-history":[{"count":12,"href":"https:\/\/microct.com.tr\/index.php?rest_route=\/wp\/v2\/pages\/61\/revisions"}],"predecessor-version":[{"id":118,"href":"https:\/\/microct.com.tr\/index.php?rest_route=\/wp\/v2\/pages\/61\/revisions\/118"}],"wp:attachment":[{"href":"https:\/\/microct.com.tr\/index.php?rest_route=%2Fwp%2Fv2%2Fmedia&parent=61"}],"curies":[{"name":"wp","href":"https:\/\/api.w.org\/{rel}","templated":true}]}}