{"id":59,"date":"2022-12-19T14:32:40","date_gmt":"2022-12-19T14:32:40","guid":{"rendered":"https:\/\/microct.com.tr\/?page_id=59"},"modified":"2023-02-22T09:34:44","modified_gmt":"2023-02-22T09:34:44","slug":"malzeme-bilimleri-ve-jeoloji","status":"publish","type":"page","link":"https:\/\/microct.com.tr\/?page_id=59","title":{"rendered":"Malzeme Bilimleri Jeoloji ve End\u00fcstri"},"content":{"rendered":"Malzeme bilimleri, Jeoloji, \u0130la\u00e7 End\u00fcstrisi, Eklemeli \u0130malat ve Kompozit yap\u0131lar\u0131 3 boyutlu tahribats\u0131z muayene ve Ar&amp;Ge \u00e7al\u0131\u015fmalar\u0131 i\u00e7in MicroCT kullan\u0131lmaktad\u0131r. Mikro-CT, zorlu \u00fcretim s\u00fcre\u00e7lerinde toz metal\u00fcrjisinde par\u00e7ac\u0131klar\u0131n morfometrisini belirlemek i\u00e7in kullan\u0131l\u0131r. Tahribats\u0131z bir teknik olarak, ar\u0131za analizinde ve son par\u00e7a incelemesinde nesnelerin i\u00e7ine bakmak i\u00e7in de son derece yararl\u0131d\u0131r.\r\n\r\nEnd\u00fcstriyel Alanlar i\u00e7in\r\n<table style=\"height: 542px;\" width=\"921\">\r\n<tbody>\r\n<tr>\r\n<td width=\"130\"><strong>CAD Kar\u015f\u0131la\u015ft\u0131rmas\u0131<\/strong><\/td>\r\n<td width=\"506\">\u00dcretilen par\u00e7alar\u0131 CAD modelleriyle kar\u015f\u0131la\u015ft\u0131rma hem i\u00e7 hem de d\u0131\u015f y\u00fczeylerde 3 boyutlu sapmalar\u0131 \u00f6l\u00e7me, \u00f6nceden tan\u0131mlanm\u0131\u015f inceleme noktalar\u0131nda ba\u015far\u0131l\u0131\/ba\u015far\u0131s\u0131z toleranslar\u0131 ayarlay\u0131n<\/td>\r\n<\/tr>\r\n<tr>\r\n<td width=\"130\"><strong>Par\u00e7a Muayenesi<\/strong><\/td>\r\n<td width=\"506\">Ba\u015far\u0131s\u0131z \u00fcr\u00fcnleri inceleyebilirsiniz, \u00e7atlaklar\u0131 ve bo\u015fluk analizi, ara y\u00fczlerdeki temas alanlar\u0131n\u0131 kontrol etme, kusurlar\u0131 ara\u015ft\u0131rma, yerinde a\u015famalarla strese ve s\u0131cakl\u0131\u011fa tepkileri inceleme<\/td>\r\n<\/tr>\r\n<tr>\r\n<td width=\"130\"><strong>Morfometri<\/strong><\/td>\r\n<td width=\"506\">Kantitatif belirleme: G\u00f6zeneklilik ve kapan\u0131mlar, hacim kesirleri, oryantasyon, boyutlar, y\u00fczey, a\u00e7\u0131lar<\/td>\r\n<\/tr>\r\n<tr>\r\n<td width=\"130\"><strong>Metal Tozlar\u0131<\/strong><\/td>\r\n<td width=\"506\">Metal tozlar\u0131n\u0131n kantitatif analizlerdeki parametreleri \u00f6l\u00e7\u00fcm\u00fc: K\u00fcre boyutu da\u011f\u0131l\u0131m\u0131, k\u00fcresellik, paketleme, g\u00f6zeneklilik, y\u00fczey hacim oran\u0131, y\u00fczey p\u00fcr\u00fczl\u00fcl\u00fc\u011f\u00fc, d\u0131\u015fb\u00fckeylik, form fakt\u00f6r\u00fc<\/td>\r\n<\/tr>\r\n<tr>\r\n<td width=\"130\"><strong>3D G\u00f6r\u00fcnt\u00fcleme<\/strong><\/td>\r\n<td width=\"506\">0,35 \u03bcm&#8217;ye kadar inen voksel boyutlar\u0131yla ince yap\u0131lar\u0131 g\u00f6r\u00fcnt\u00fcler, tamamen tahribats\u0131z muayene sa\u011flar, nesneniz boyunca sanal kesimler, dilimler yapma<\/td>\r\n<\/tr>\r\n<tr>\r\n<td width=\"130\"><strong>Yap\u0131y\u0131 ve kompozisyonu analiz edin<\/strong><\/td>\r\n<td width=\"506\">Mikroyap\u0131 bile\u015fimi, mimari yap\u0131, g\u00f6zeneklilik, kusurlar\u0131 \u00f6l\u00e7me elyaf kal\u0131nl\u0131\u011f\u0131 ve oryantasyonu<\/td>\r\n<\/tr>\r\n<\/tbody>\r\n<\/table>\r\n<iframe loading=\"lazy\" title=\"Live from the Lab: sCMOS Detector Technology for XRM\" width=\"500\" height=\"281\" src=\"https:\/\/www.youtube.com\/embed\/HKOjzEIY6s0?feature=oembed\" frameborder=\"0\" allow=\"accelerometer; autoplay; clipboard-write; encrypted-media; gyroscope; picture-in-picture; web-share\" referrerpolicy=\"strict-origin-when-cross-origin\" allowfullscreen><\/iframe>\r\n\r\nMicroCT (\u03bcCT) cihazlar\u0131 \u00e7ok az veya hi\u00e7 numune haz\u0131rl\u0131\u011f\u0131 olmadan, herhangi bir \u015fekil veya boyuttaki herhangi bir malzemenin numuneleri hakk\u0131nda size 3 boyutlu bilgiler veren geli\u015fmi\u015f bir tekniktir. Bir d\u00fc\u011fmeye basarak tarama yapan otomatik sistemlerden yerde duran, \u00e7ok \u00f6l\u00e7ekli mikro ve nano-CT cihazlar\u0131na kadar her tesis i\u00e7in geli\u015ftirilmi\u015f g\u00f6r\u00fcnt\u00fcleme sistemlerini i\u00e7erir.\r\n\r\n&nbsp;\r\n\r\nJeoloji alan\u0131 i\u00e7in MikroCT, 1 mm ila 20 cm \u00e7ap\u0131nda her t\u00fcr numunenin i\u00e7 yap\u0131s\u0131n\u0131 incelemek i\u00e7in tahribats\u0131z bir 3D g\u00f6r\u00fcnt\u00fcleme ve analiz tekni\u011fidir. Nesnelerden sanal dilimler al\u0131r ve 3B hacim olu\u015fturma i\u00e7in y\u0131\u011f\u0131nlar olu\u015fturursunuz.\r\n<table style=\"height: 124px;\" width=\"960\">\r\n<tbody>\r\n<tr>\r\n<td width=\"111\"><strong>Jeolojinin t\u00fcm alanlar\u0131:<\/strong><\/td>\r\n<td width=\"525\">*G\u00f6zeneklilik, mikro yap\u0131, kompozisyon, 3D mineral da\u011f\u0131l\u0131m\u0131, taneler, tortul modeller, fosiller vb. dahil olmak \u00fczere \u015fekil ve morfometrilerin 3 boyutlu analizi, dinamik s\u00fcre\u00e7ler, \u00f6rne\u011fin ayr\u0131\u015fma, s\u0131v\u0131lar\u0131n hareketi, kristalle\u015fme, ya\u011f ve gaz, sedimantoloji, Yap\u0131sal Yeoloji, \u0130n\u015faat Malzemeleri, Jeokimya, Paleontoloji<\/td>\r\n<\/tr>\r\n<\/tbody>\r\n<\/table>\r\n<iframe loading=\"lazy\" title=\"Castlegate Sandstone\" width=\"500\" height=\"375\" src=\"https:\/\/www.youtube.com\/embed\/l3JRB2fYoNk?feature=oembed\" frameborder=\"0\" allow=\"accelerometer; autoplay; clipboard-write; encrypted-media; gyroscope; picture-in-picture; web-share\" referrerpolicy=\"strict-origin-when-cross-origin\" allowfullscreen><\/iframe>\r\n\r\nSon y\u0131llarda X-\u0131\u015f\u0131n\u0131 Mikro Bilgisayarl\u0131 Tomografi (CT), ila\u00e7 end\u00fcstrisinde hayati bir analitik ara\u00e7 olarak yerle\u015fmi\u015f ve \u00fcr\u00fcn geli\u015ftirme, kalite kontrol ve paketlemede \u00f6nemli ilerlemeler sa\u011flatm\u0131\u015ft\u0131r.\r\n\r\n&nbsp;\r\n\r\nXRM-mikro CT cihazlar, d\u00fcnyan\u0131n \u00f6nde gelen ila\u00e7 \u015firketleri ve akademik ara\u015ft\u0131rma gruplar\u0131 taraf\u0131ndan benimsenmi\u015ftir. S\u0131n\u0131f\u0131nda lider \u00e7\u00f6z\u00fcn\u00fcrl\u00fck ve performans\u0131, kullan\u0131m\u0131 kolay i\u015f ak\u0131\u015flar\u0131yla birle\u015ftirir.\r\n<table style=\"height: 294px;\" width=\"960\">\r\n<tbody>\r\n<tr>\r\n<td width=\"121\"><strong>Tablet Geli\u015ftirme<\/strong><\/td>\r\n<td width=\"516\">S\u0131k\u0131\u015ft\u0131rma yo\u011funlu\u011fu (g\u00f6zeneklilik, g\u00f6zenek boyutu, da\u011f\u0131l\u0131m), gerilim kaynakl\u0131 mikro \u00e7atlaklar\u0131 tan\u0131mlama, kaplama kal\u0131nl\u0131\u011f\u0131n\u0131 ve homojenli\u011fini \u00f6l\u00e7me, aktif bile\u015fenlerin da\u011f\u0131l\u0131m\u0131 (toplam hacim ve y\u00fczde hacim), yerinde s\u0131k\u0131\u015ft\u0131rma testi<\/td>\r\n<\/tr>\r\n<tr>\r\n<td width=\"121\"><strong>Paketleme ve S\u0131zd\u0131rmazl\u0131k<\/strong><\/td>\r\n<td width=\"516\">S\u0131zd\u0131rmazl\u0131k b\u00fct\u00fcnl\u00fc\u011f\u00fc \u2013 bo\u015fluklar\u0131 ve s\u0131z\u0131nt\u0131lar\u0131n tespiti, s\u00fcre\u00e7lerinizi optimize etmek i\u00e7in de\u011fi\u015fiklikleri kar\u015f\u0131la\u015ft\u0131rabilirsiniz, tedarik\u00e7ilerinizden bile\u015fen varyasyonunu \u00f6l\u00e7ebilirsiniz<\/td>\r\n<\/tr>\r\n<tr>\r\n<td width=\"121\"><strong>Ba\u015far\u0131s\u0131zl\u0131k analizi<\/strong><\/td>\r\n<td width=\"516\">Tahribats\u0131z inceleme \u2013 ar\u0131zan\u0131n nerede ve nas\u0131l meydana geldi\u011fini g\u00f6r\u00fcn, sorun kayna\u011f\u0131n\u0131 \u00e7\u00f6z\u00fcmleme, dijital bilgileri ar\u015fivleyebilirsiniz<\/td>\r\n<\/tr>\r\n<tr>\r\n<td width=\"121\"><strong>Nihai \u00dcr\u00fcn Muayenesi<\/strong><\/td>\r\n<td width=\"516\">Paketi a\u00e7madan bile\u015fen hizalamas\u0131n\u0131 kontrol etme, kusurlar\u0131 tespit etme, kantitatif 3D \u00f6l\u00e7\u00fcmleme, kullan\u0131m \u00f6ncesi ve sonras\u0131 performans testleri, t\u0131bbi cihazlar\u0131n y\u00fcksek verimli taramas\u0131<\/td>\r\n<\/tr>\r\n<\/tbody>\r\n<\/table>\r\n<iframe loading=\"lazy\" title=\"XRM for Pharma and Medical Devices\" width=\"500\" height=\"281\" src=\"https:\/\/www.youtube.com\/embed\/TQYCLwgIYvA?feature=oembed\" frameborder=\"0\" allow=\"accelerometer; autoplay; clipboard-write; encrypted-media; gyroscope; picture-in-picture; web-share\" referrerpolicy=\"strict-origin-when-cross-origin\" allowfullscreen><\/iframe>\r\n\r\n&nbsp;\r\n\r\n&nbsp;\r\n\r\n&nbsp;\r\n\r\n&nbsp;","protected":false},"excerpt":{"rendered":"<div class=\"mh-excerpt\"><p>Malzeme bilimleri, Jeoloji, \u0130la\u00e7 End\u00fcstrisi, Eklemeli \u0130malat ve Kompozit yap\u0131lar\u0131 3 boyutlu tahribats\u0131z muayene ve Ar&amp;Ge \u00e7al\u0131\u015fmalar\u0131 i\u00e7in MicroCT kullan\u0131lmaktad\u0131r. Mikro-CT, zorlu \u00fcretim s\u00fcre\u00e7lerinde toz <a class=\"mh-excerpt-more\" href=\"https:\/\/microct.com.tr\/?page_id=59\" title=\"Malzeme Bilimleri Jeoloji ve End\u00fcstri\">[&#8230;]<\/a><\/p>\n<\/div>","protected":false},"author":1,"featured_media":0,"parent":0,"menu_order":0,"comment_status":"closed","ping_status":"closed","template":"","meta":{"advgb_blocks_editor_width":"","advgb_blocks_columns_visual_guide":"","footnotes":""},"class_list":["post-59","page","type-page","status-publish","hentry"],"coauthors":[],"author_meta":{"author_link":"https:\/\/microct.com.tr\/?author=1","display_name":"teknohoras"},"relative_dates":{"created":"Posted 3 y\u0131l ago","modified":"Updated 3 y\u0131l ago"},"absolute_dates":{"created":"Posted on Aral\u0131k 19, 2022","modified":"Updated on \u015eubat 22, 2023"},"absolute_dates_time":{"created":"Posted on Aral\u0131k 19, 2022 2:32 pm","modified":"Updated on \u015eubat 22, 2023 9:34 am"},"featured_img_caption":"","featured_img":false,"series_order":"","_links":{"self":[{"href":"https:\/\/microct.com.tr\/index.php?rest_route=\/wp\/v2\/pages\/59","targetHints":{"allow":["GET"]}}],"collection":[{"href":"https:\/\/microct.com.tr\/index.php?rest_route=\/wp\/v2\/pages"}],"about":[{"href":"https:\/\/microct.com.tr\/index.php?rest_route=\/wp\/v2\/types\/page"}],"author":[{"embeddable":true,"href":"https:\/\/microct.com.tr\/index.php?rest_route=\/wp\/v2\/users\/1"}],"replies":[{"embeddable":true,"href":"https:\/\/microct.com.tr\/index.php?rest_route=%2Fwp%2Fv2%2Fcomments&post=59"}],"version-history":[{"count":11,"href":"https:\/\/microct.com.tr\/index.php?rest_route=\/wp\/v2\/pages\/59\/revisions"}],"predecessor-version":[{"id":126,"href":"https:\/\/microct.com.tr\/index.php?rest_route=\/wp\/v2\/pages\/59\/revisions\/126"}],"wp:attachment":[{"href":"https:\/\/microct.com.tr\/index.php?rest_route=%2Fwp%2Fv2%2Fmedia&parent=59"}],"curies":[{"name":"wp","href":"https:\/\/api.w.org\/{rel}","templated":true}]}}