{"id":41,"date":"2022-12-16T19:53:32","date_gmt":"2022-12-16T19:53:32","guid":{"rendered":"https:\/\/microct.com.tr\/?page_id=41"},"modified":"2023-02-22T13:13:58","modified_gmt":"2023-02-22T13:13:58","slug":"kvkk","status":"publish","type":"page","link":"https:\/\/microct.com.tr\/?page_id=41","title":{"rendered":"KVKK"},"content":{"rendered":"6698 SAYILI K\u0130\u015e\u0130SEL VER\u0130LER\u0130N KORUNMASI KANUNU (\u201cKVKK\u201d) UYARINCA K\u0130\u015e\u0130SEL VER\u0130LER\u0130N KORUNMASI HAKKINDA\r\n\r\nUYARINCA K\u0130\u015e\u0130SEL VER\u0130LER\u0130N\u0130Z\u0130N KORUNMASI HAKKINDA\r\n\r\nAYDINLATMA METN\u0130\r\n\r\nBiz, \u201cmicroct.com.tr\u201d olarak olarak; hangi ki\u015fisel verilerinizi ne ama\u00e7larla i\u015fleyece\u011fimizi size anlatabilmek i\u00e7in bu Ayd\u0131nlatma Metni\u2019ni haz\u0131rlad\u0131k. A\u015fa\u011f\u0131da belirtti\u011fimiz ve taraf\u0131m\u0131za sa\u011flad\u0131\u011f\u0131n\u0131z ki\u015fisel verilerinizin her ko\u015fulda;\r\n<ul>\r\n \t<li>duruma g\u00f6re a\u015fa\u011f\u0131da belirtilen \u015fekillerde elde etti\u011fimiz ki\u015fisel verilerinizin,<\/li>\r\n \t<li>hukuki ili\u015fkilerimiz kapsam\u0131nda,<\/li>\r\n \t<li>i\u015flenmelerini gerektiren ama\u00e7 \u00e7er\u00e7evesinde ve bu ama\u00e7la ba\u011flant\u0131l\u0131, s\u0131n\u0131rl\u0131 ve \u00f6l\u00e7\u00fcl\u00fc \u015fekilde,<\/li>\r\n \t<li>taraf\u0131m\u0131za bildirdi\u011finiz veya bildirildi\u011fi \u015fekliyle ki\u015fisel verilerin do\u011frulu\u011funu ve en g\u00fcncel halini koruyarak,<\/li>\r\n \t<li>kaydedilece\u011fini, depolanaca\u011f\u0131n\u0131, muhafaza edilece\u011fini, yeniden d\u00fczenlenece\u011fini, kanunen bu ki\u015fisel verileri talep etmeye yetkili olan kurumlar ile payla\u015f\u0131laca\u011f\u0131n\u0131 ve KVKK\u2019n\u0131n \u00f6ng\u00f6rd\u00fc\u011f\u00fc \u015fartlarda, yurti\u00e7inde \u00fc\u00e7\u00fcnc\u00fc ki\u015filere aktar\u0131laca\u011f\u0131n\u0131, devredilece\u011fini, s\u0131n\u0131fland\u0131r\u0131labilece\u011fini ve KVKK\u2019da say\u0131lan sair \u015fekillerde i\u015flenebilece\u011fini bildiririz.<\/li>\r\n<\/ul>\r\nHANG\u0130 K\u0130\u015e\u0130SEL VER\u0130LER\u0130N\u0130Z\u0130 \u0130\u015eL\u0130YORUZ?\r\n\r\nBu site; ziyaret eden ziyaret\u00e7ilerimize herhangi bir ticari kayg\u0131 ta\u015f\u0131madan, sitemiz ile ilgili uygulamalar\u0131 ve ili\u015fkili konularda ki\u015fileri bilgilendirmek amac\u0131 ile haz\u0131rlanm\u0131\u015f olup, sa\u011fl\u0131k hizmeti vermemektedir ve ayr\u0131ca bu siteye girilen verileriniz baz\u0131 ara\u015ft\u0131rmalar ve pazarlama faaliyetleri yaparak t\u00fcm ziyaret\u00e7ilerimize daha iyi hizmet verebilmek i\u00e7in zaman zaman ki\u015fisel verilerinizi i\u015flenebilmektedir. Sitemiz ile ilgili ba\u011flant\u0131l\u0131 i\u00e7erikler sadece site ziyaret\u00e7ilerini bilgilendirme amac\u0131yla haz\u0131rlanm\u0131\u015ft\u0131r. Bu site \u00fczerinden ger\u00e7ek bir muayene, te\u015fhis ve tedavinin yerine ge\u00e7ecek herhangi bir sa\u011fl\u0131k hizmeti verilmemektedir.\r\n\r\nTaraf\u0131m\u0131zca, bizimle payla\u015fman\u0131z veya gerekli olmas\u0131 halinde, i\u015flemeye konu olabilecek ki\u015fisel verileriniz a\u015fa\u011f\u0131daki gibidir:\r\n\r\n&nbsp;\r\n<table width=\"775\">\r\n<tbody>\r\n<tr>\r\n<td width=\"125\">Kimlik Verisi<\/td>\r\n<td width=\"644\">Ad\u0131n\u0131z, soyad\u0131n\u0131z, Ya\u015f\u0131n\u0131z<\/td>\r\n<\/tr>\r\n<tr>\r\n<td width=\"125\">\u0130leti\u015fim Verisi<\/td>\r\n<td width=\"644\">E-posta adresiniz, ya\u015fad\u0131\u011f\u0131n\u0131z il, ev ve\/veya cep telefon numaran\u0131z<\/td>\r\n<\/tr>\r\n<tr>\r\n<td width=\"125\">\u00d6zel Nitelikli Ki\u015fisel Veri<\/td>\r\n<td width=\"644\">Mesaj\u0131n\u0131zda yer vermeniz halinde sa\u011fl\u0131\u011f\u0131n\u0131za ili\u015fkin bilgiler<\/td>\r\n<\/tr>\r\n<tr>\r\n<td width=\"125\">Web sitesi\/Uygulama Kullan\u0131m Verileri<\/td>\r\n<td width=\"644\">Mesaj att\u0131\u011f\u0131 tarih, siteye login olma s\u0131kl\u0131\u011f\u0131\/zamanlar\u0131, ios\/android\/mobil site\/ web site kullan\u0131c\u0131s\u0131, g\u00fcncelleme tarihi,\r\n\r\n\u015eehirler, son mesaj tarihi, ilk \u00fcyelik tarihi, mesajla\u015fma se\u00e7ene\u011finin mevcut olmas\u0131 halinde ziyaret\u00e7i ile site aras\u0131ndaki\r\n\r\nyaz\u0131\u015fmalar, ziyaret\u00e7inin cep telefonundan sitedeki telefon numaras\u0131n\u0131 aray\u0131p aramad\u0131\u011f\u0131 bilgisi, sitenin kullan\u0131l\u0131\u015f\u0131 bilgisi\r\n\r\n(site i\u00e7erisinde yap\u0131lan her hareket ve se\u00e7im),<\/td>\r\n<\/tr>\r\n<tr>\r\n<td width=\"125\">Di\u011fer<\/td>\r\n<td width=\"644\">Ziyaret\u00e7i ID, IP adresi, log kay\u0131tlar\u0131<\/td>\r\n<\/tr>\r\n<\/tbody>\r\n<\/table>\r\nK\u0130\u015e\u0130SEL VER\u0130LER\u0130N\u0130Z\u0130 NE \u015eEK\u0130LDE VE HANG\u0130 SEBEPLERLE TOPLUYORUZ?\r\n\r\n\u015eirket olarak hukuki y\u00fck\u00fcml\u00fcl\u00fcklerimizi yerine getirmek, aram\u0131zdaki veri payla\u015f\u0131m ilkeleri ve kullan\u0131m ko\u015fullar\u0131 s\u00f6zle\u015fmesinin, \u015eirket\u2019in me\u015fru menfaati gere\u011fi sizden talep etti\u011fimiz ki\u015fisel verilerinizi, sizin bize fiziksel veya elektronik ortamda iletmeniz, platformlar\u0131m\u0131za bilgi, ses ve g\u00f6r\u00fcnt\u00fc giri\u015fi yapman\u0131z ve internet ortam\u0131na\u00a0\u015eirket\u2019in\u00a0ula\u015f\u0131m\u0131na a\u00e7\u0131k bilgi kaydetmeniz suretiyle topluyoruz.\r\n\r\n\u015eirket\u2019in size destek sa\u011flayarak m\u00fc\u015fteri memnuniyeti artt\u0131rmaya y\u00f6nelik me\u015fru menfaati gere\u011fi telefon g\u00f6r\u00fc\u015fmelerimiz, whatsapp mesaj\u0131n\u0131z, sms, facebook\/instagram etkile\u015fimleriniz s\u0131ras\u0131nda bize vermi\u015f oldu\u011funuz bilgiler arac\u0131l\u0131\u011f\u0131yla topluyoruz.\r\n\r\n\u015eirket\u2019in platformunu geli\u015ftirmeye ve daha efektif hale getirmeye y\u00f6nelik me\u015fru menfaati gere\u011fi \u00c7erez Politikam\u0131zda da detaylar\u0131 belirtildi\u011fi \u00fczere web sitemizde kullan\u0131lan \u00e7erezler vas\u0131tas\u0131yla ki\u015fisel verilerinizi elektronik olarak topluyoruz.\r\n\r\nK\u0130\u015e\u0130SEL VER\u0130LER\u0130N\u0130Z\u0130 HANG\u0130 AMA\u00c7LARLA \u0130\u015eL\u0130YORUZ?\r\n\r\nYukar\u0131da belirtti\u011fimiz ki\u015fisel verileriniz, size site \u00fczerinde verdi\u011fimiz veri payla\u015f\u0131m ilkeleri ve kullan\u0131m ko\u015fullar\u0131 s\u00f6zle\u015fmesinin ifas\u0131 i\u00e7in a\u015fa\u011f\u0131daki ama\u00e7larla i\u015flenmektedir:\r\n<ul>\r\n \t<li>Sorununuz ile ilgili sizlere destek vermek<\/li>\r\n \t<li>Sizden gelen \u00e7a\u011fr\u0131lar\u0131 kar\u015f\u0131lamak ve destek ihtiya\u00e7lar\u0131n\u0131za cevap vermek<\/li>\r\n \t<li>Verdi\u011fimiz hizmetlere ili\u015fkin bir \u015fik\u00e2yet oldu\u011fu takdirde s\u00f6z konusu \u015fik\u00e2yeti sonu\u00e7land\u0131rmak<\/li>\r\n \t<li>Talebiniz do\u011frultusunda veya sosyal medyada yer alan \u015fikayetlerin olmas\u0131 halinde sitedeki mesaj\u0131n\u0131z\u0131 incelemek<\/li>\r\n \t<li>B\u00fct\u00e7e y\u00f6netimi ve raporlama yapmak<\/li>\r\n<\/ul>\r\nSize verdi\u011fimiz hizmeti en iyi \u015fekilde yerine getirebilmek i\u00e7in s\u00fcrekli geli\u015fmeye ve ilerlemeye gayret ediyoruz. Bunun i\u00e7in, ki\u015fisel verilerinizi a\u015fa\u011f\u0131daki \u015fekilde i\u015fleyebilmekteyiz:\r\n<ul>\r\n \t<li>Piyasa yorumlama, sat\u0131\u015f, pazarlama analizleri, y\u00f6netimsel analizler, finansman planlamas\u0131 yapmak, site kullan\u0131m\u0131n\u0131 yorumlamak<\/li>\r\n \t<li>Size verdi\u011fimiz hizmetin kalitesini artt\u0131rmak ve kalite kontrol\u00fcn\u00fc sa\u011flamak<\/li>\r\n \t<li>G\u00fcncel ve Ar-Ge a\u015famas\u0131ndaki uygulamalar\u0131m\u0131z\u0131n geli\u015ftirmek ve y\u00f6netimi s\u00fcrecinde \u00fcr\u00fcn\u00fc pazarlamak<\/li>\r\n \t<li>\u015eirket i\u00e7erisinde kullan\u0131lan yaz\u0131l\u0131mlar\u0131 i\u00e7 ve d\u0131\u015f kaynak kullanarak geli\u015ftirmek<\/li>\r\n \t<li>Yurtd\u0131\u015f\u0131 Sunucularda Bar\u0131nd\u0131rd\u0131\u011f\u0131m\u0131z Google Drive\/Microsoft OneDrive yaz\u0131l\u0131m\u0131n\u0131, y\u00f6netimini ve bar\u0131nd\u0131r\u0131lmas\u0131n\u0131 sa\u011flamak<\/li>\r\n<\/ul>\r\nSon olarak, hukuka ve usule uygun savc\u0131l\u0131k talepleri ve mahkeme kararlar\u0131 gibi hukuki talepler arac\u0131l\u0131\u011f\u0131yla taraf\u0131m\u0131zdan ki\u015fisel verilerinizin payla\u015f\u0131lmas\u0131 istendi\u011finde ve mevzuatta d\u00fczenlenmi\u015f yasal bildirimler gere\u011fi ki\u015fisel verilerinizi payla\u015fma y\u00fck\u00fcml\u00fcl\u00fc\u011f\u00fcm\u00fcz bulunmaktad\u0131r. Ayr\u0131ca ki\u015fisel verileriniz bizim de taraf oldu\u011fumuz bir uyu\u015fmazl\u0131\u011fa konu oldu\u011fu takdirde savunma hakk\u0131m\u0131z\u0131 kullanabilmemiz i\u00e7in gerekli olan avukat, bilirki\u015fi, mahkeme gibi mecralarla ve ki\u015filerle ki\u015fisel verilerinizi payla\u015fmam\u0131z gerekebilir. Bu hukuki y\u00fck\u00fcml\u00fcl\u00fcklerimizi yerine getirmek ve savunma hakk\u0131m\u0131z\u0131 kullanabilmek amac\u0131yla ki\u015fisel verilerinizi i\u015fleyebiliriz.\r\n\r\nK\u0130\u015e\u0130SEL VER\u0130LER\u0130N\u0130Z\u0130 NERELERE AKTARIYORUZ?\r\n\r\nSize verdi\u011fimiz hizmeti en iyi \u015fekilde yerine getirebilmek i\u00e7in s\u00fcrekli geli\u015fmeye ve ilerlemeye gayret ediyoruz. Bunun i\u00e7in ki\u015fisel verilerinizi a\u015fa\u011f\u0131daki \u015fekilde yurt i\u00e7indeki ve yurt d\u0131\u015f\u0131ndaki \u00fc\u00e7\u00fcnc\u00fc ki\u015filere aktarabilmekteyiz:\r\n<ul>\r\n \t<li>Sitemize g\u00f6ndermi\u015f oldu\u011funuz mesajdaki veri payla\u015f\u0131m ilkeleri ve kullan\u0131m ko\u015fullar\u0131, veri saklama ko\u015fullar\u0131 a\u00e7\u0131k r\u0131za metinini tercih etmeniz halinde size e-posta g\u00f6nderebilmek, sizi arayabilmek, size sms atabilmek, size whatsapp\/facebook\/instagram gibi platformlarda bilgi almak istedi\u011finiz konularda ileti\u015fim bilgilerinizi i\u00e7eren ki\u015fisel verilerinizi yurt i\u00e7inde ve yurt d\u0131\u015f\u0131nda anla\u015fmal\u0131 oldu\u011fumuz ilgili hizmeti veren tedarik\u00e7ilere aktar\u0131yoruz.<\/li>\r\n \t<li><u>\u00c7erez Politikas\u0131<\/u>\u00e7er\u00e7evesinde toplanan ki\u015fisel verileriniz, size daha iyi hizmet verebilmek i\u00e7in toplad\u0131\u011f\u0131m\u0131z site i\u00e7erisindeki kullan\u0131c\u0131 hareketi verileri (nereye t\u0131kland\u0131, ne kadar kal\u0131nd\u0131 vs. gibi), bu gibi analizler yaparak i\u015f geli\u015ftirme sa\u011flayan \u015firketlere aktarabiliyoruz.<\/li>\r\n \t<li>Ki\u015fisel verilerinizi Insider, Google Analytics gibi birlikte \u00e7al\u0131\u015ft\u0131\u011f\u0131m\u0131z firmalara, sat\u0131\u015f, pazarlama ve raporlama faaliyetleri i\u00e7in aktarabiliyoruz<\/li>\r\n<\/ul>\r\nYukar\u0131da belirtti\u011fimiz ki\u015fisel verileriniz, size verdi\u011fimiz istihdam hizmetine ili\u015fkin bu Hizmet S\u00f6zle\u015fmesi\u2019nin ifas\u0131 i\u00e7in a\u015fa\u011f\u0131daki ama\u00e7larla i\u015flenmektedir:\r\n<ul>\r\n \t<li>Size destek sa\u011flayabilmek ad\u0131na mesaj\u0131n\u0131zdaki yer alan \u00f6zel nitelikli ki\u015fisel verileriniz de dahil olmak \u00fczere mesaj\u0131n\u0131zdaki ekleri ile beraber yer alan ki\u015fisel verilerinizi kimlere g\u00f6r\u00fcnmesini istedi\u011finiz konusunda yapt\u0131\u011f\u0131n\u0131z tercih do\u011frultusunda ba\u015fvurdu\u011funuz yurt i\u00e7i ve\/veya yurt d\u0131\u015f\u0131 merkezli kullanm\u0131\u015f oldu\u011fumuz bulut depolama sistemlerine ve alt\u0131nda a\u00e7t\u0131klar\u0131 kullan\u0131c\u0131 hesaplar\u0131na aktarabiliyoruz. Sitedeki bir forma mesaj girdikten sonra aktar\u0131lan normal ve\/veya \u00f6zel nitelikli ki\u015fisel verileri ile ilgili her t\u00fcrl\u00fc sorumluluk \u015eirket\u2019e Ayn\u0131 \u015fekilde herhangi bir tarihte mesaj g\u00f6nderdi\u011finiz \u015eirket\u2019e aktar\u0131lan normal ve\/veya \u00f6zel nitelikli ki\u015fisel verilerinin silinmesini, yok edilmesini ve\/veya anonim hale getirilmesini isterseniz bu talebinizi do\u011frudan \u015eirket\u2019e iletmeniz gerekir. \u015eirket\u2019in bu hususlarda sorumlulu\u011fu veya y\u00fck\u00fcml\u00fcl\u00fc\u011f\u00fc bulunmamaktad\u0131r.<\/li>\r\n<\/ul>\r\nAyr\u0131ca savunma hakk\u0131m\u0131z\u0131 kullanabilmek amac\u0131yla \u00f6zel nitelikli ki\u015fisel verileriniz de dahil olmak \u00fczere b\u00fct\u00fcn ki\u015fisel verilerinizi avukatlar\u0131m\u0131za veya hukuki dan\u0131\u015fmanlar\u0131m\u0131za aktarabiliriz ve bize ki\u015fisel verilerinizin aktar\u0131lmas\u0131na ili\u015fkin usul\u00fcne uygun yasal bir talep geldi\u011fi takdirde \u00f6zel nitelikli ki\u015fisel verileriniz de dahil olmak \u00fczere b\u00fct\u00fcn ki\u015fisel verilerinizi aktarabiliriz.\r\n\r\nHAKLARINIZ\r\n\r\nKVKK\u2019n\u0131n 11. maddesi gere\u011fi bize \u015fahsen, kimli\u011finizi ispat etmeniz kayd\u0131yla, ki\u015fisel verileriniz ile ilgili;\r\n<ul>\r\n \t<li>\u015eirket\u2019in hakk\u0131n\u0131zda ki\u015fisel veri i\u015fleyip i\u015flemedi\u011fini \u00f6\u011frenmek, e\u011fer i\u015flemi\u015fse, buna ili\u015fkin bilgi talep etmek,<\/li>\r\n \t<li>Ki\u015fisel verilerinizin i\u015flenme amac\u0131n\u0131 ve bunlar\u0131n amac\u0131na uygun kullan\u0131l\u0131p kullan\u0131lmad\u0131\u011f\u0131 \u00f6\u011frenmek,<\/li>\r\n \t<li>Ki\u015fisel verilerin yurti\u00e7i veya yurtd\u0131\u015f\u0131na aktar\u0131l\u0131p aktar\u0131lmad\u0131\u011f\u0131 ve kimlere aktar\u0131ld\u0131\u011f\u0131n\u0131 \u00f6\u011frenmek haklar\u0131na sahipsiniz.<\/li>\r\n<\/ul>\r\nAyr\u0131ca, \u015eirket\u2019ten yanl\u0131\u015f ve eksik ki\u015fisel verilerinizin d\u00fczeltilmesini ve verilerinin aktar\u0131ld\u0131\u011f\u0131 veya aktar\u0131lm\u0131\u015f olabilece\u011fi al\u0131c\u0131lar\u0131n bilgilendirilmesini talep etme hakk\u0131n\u0131z vard\u0131r.\r\n\r\nKi\u015fisel verilerinizin KVKK madde 7\u2019de \u00f6ng\u00f6r\u00fclen \u015fartlar \u00e7er\u00e7evesinde verilerinizin imha edilmesini (silinmesini, yok edilmesini veya anonim hale getirilmesini) \u015eirketten talep edebilirsiniz. Ayn\u0131 zamanda verilerin aktar\u0131ld\u0131\u011f\u0131 veya aktar\u0131labilece\u011fi 3. ki\u015filerin s\u00f6z konusu imha talebiniz ile ilgili bilgilendirilmesini talep edebilirsiniz. Ancak imha talebinizi de\u011ferlendirerek hangi y\u00f6ntemin uygun oldu\u011fu somut olay\u0131n ko\u015fullar\u0131na g\u00f6re taraf\u0131m\u0131zca de\u011ferlendirilecektir. Bu ba\u011flamda se\u00e7ti\u011fimiz imha y\u00f6ntemini neden se\u00e7ti\u011fimiz ile ilgili bizden her zaman bilgi talep edebilirsiniz.\r\n\r\nM\u00fcnhas\u0131ran bir otomatik sistem kullan\u0131larak olu\u015fturulmu\u015f ki\u015fisel veri analizinizin sonu\u00e7lar\u0131na bu sonu\u00e7lar \u00e7\u0131karlar\u0131n\u0131za ayk\u0131r\u0131ysa itiraz edebilirsiniz.\r\n\r\nKi\u015fisel verilerinizin kanuna ayk\u0131r\u0131 olarak i\u015flenmesi sebebiyle zarara u\u011framan\u0131z halinde zarar\u0131n giderilmesini talep edebilirsiniz.\r\n\r\nBa\u015fvurunuzda yer alan talepleriniz, talebin niteli\u011fine g\u00f6re en ge\u00e7 otuz g\u00fcn i\u00e7inde \u00fccretsiz olarak sonu\u00e7land\u0131r\u0131lacakt\u0131r. Ancak, i\u015flemin \u015eirket i\u00e7in ayr\u0131ca bir maliyeti gerektirmesi h\u00e2linde, Ki\u015fisel Verileri Koruma Kurulu taraf\u0131ndan Veri Sorumlusuna Ba\u015fvuru Usul ve Esaslar\u0131 Hakk\u0131nda Tebli\u011f\u2019de belirlenen tarifedeki \u00fccret al\u0131nabilir.\r\n\r\n<u>Ki\u015fisel verilerinizin i\u015flenmesi ile ilgili hususlarda ba\u015fvurunuzu \u015eirketin internet adresinde bulunan ba\u015fvuru formunu doldurarak, yaz\u0131l\u0131 olarak veya kay\u0131tl\u0131 elektronik posta (KEP) adresi, g\u00fcvenli elektronik imza, mobil imza ya da bize daha \u00f6nce bildirdi\u011finiz ve kay\u0131tlar\u0131m\u0131zda yer alan elektronik posta adresinizi kullanmak suretiyle \u015eirketimize teslim etmeniz gerekmektedir. \u015eirket taraf\u0131ndan talebinizin mahiyetine ve ba\u015fvuru y\u00f6nteminize g\u00f6re \u015eirket taraf\u0131ndan ba\u015fvurunun size ait olup olmad\u0131\u011f\u0131n\u0131n belirlenmesi ve b\u00f6ylece haklar\u0131n\u0131z\u0131 koruyabilmek amac\u0131yla ek do\u011frulamalar (kay\u0131tl\u0131 telefonunuza mesaj g\u00f6nderilmesi, aranman\u0131z gibi) istenebilir. \u00d6rne\u011fin \u015eirkette kay\u0131tl\u0131 olan e-posta adresiniz arac\u0131l\u0131\u011f\u0131yla ba\u015fvuru yapman\u0131z halinde \u015eirkette kay\u0131tl\u0131 ba\u015fka bir ileti\u015fim y\u00f6ntemini kullanarak size ula\u015fabilir ve ba\u015fvurunun size ait olup olmad\u0131\u011f\u0131n\u0131n teyidini isteyebiliriz.<\/u>\r\n\r\n\u00d6zel nitelikli ki\u015fisel verilerinizin i\u015flenmesi ve ki\u015fisel verilerinizin yurt d\u0131\u015f\u0131na aktar\u0131m\u0131 i\u00e7in l\u00fctfen\u00a0Hizmet S\u00f6zle\u015fmesi\u2019ni okuyunuz.\r\n\r\n&nbsp;\r\n\r\n<strong>Talepleriniz i\u00e7in bizimle ileti\u015fime ge\u00e7mek isterseniz<\/strong>\r\n\r\nKVKK ve ilgili sair mevzuat kapsam\u0131nda bizimle ileti\u015fime ge\u00e7mek, geri bildirimde bulunmak ya da sorular\u0131n\u0131z\u0131 y\u00f6neltmek isterseniz, kimli\u011finizi tevsik edici belgeler ve talebinizi i\u00e7eren imzal\u0131 dilek\u00e7eniz ile Hasanpa\u015fa mah. Uzun\u00e7ay\u0131r cad. Yap\u0131 i\u015f mrk. No:35 B1-11 \u2013 Kad\u0131k\u00f6y \u0130stanbul adresine kimlik do\u011frulama ile bizzat elden iletebilir, noter kanal\u0131yla ula\u015ft\u0131rabilir veya info@teknogem.com kay\u0131tl\u0131 elektronik posta adresine g\u00fcvenli elektronik imzal\u0131 olarak iletebilirsiniz.\r\n\r\nVeri \u0130\u015fleme ve Payla\u015f\u0131m Beyan\u0131\r\n\r\nVerilerimin i\u015flenmesinden \u00f6nce yeterli ve detayl\u0131 \u015fekilde bilgilendirildi\u011fimi, ayd\u0131nlat\u0131ld\u0131\u011f\u0131m\u0131, bu nedenle \u00f6zg\u00fcr irademle bu hususlara muvafakat etti\u011fimi kabul, beyan ve taahh\u00fct ederim. Veri sorumlusu \u201cmicroct.com.tr\u201d ile payla\u015ft\u0131\u011f\u0131m ki\u015fisel verilerimin ve \u00f6zel nitelikli ki\u015fisel verilerimin (\u201cKi\u015fisel Veri\/ler\u201d), microct.com.tr \u2019in pazarlama faaliyetleri do\u011frultusunda Ki\u015fisel Verilerin Korunmas\u0131 Kanunu\u2019nda belirlenmi\u015f olan esaslar \u00e7er\u00e7evesinde i\u015flenmesi, toplanmas\u0131, kullan\u0131lmas\u0131, ar\u015fivlenmesi, grup \u015firketlerinin bu bilgileri birbirleriyle veya daha iyi hizmet verebilmek i\u00e7in i\u015fbirli\u011fi i\u00e7erisinde oldu\u011fu \u00fc\u00e7\u00fcnc\u00fc ki\u015filer ile payla\u015fmas\u0131 ve kanunlar\u0131n \u00f6ng\u00f6rd\u00fc\u011f\u00fc veya i\u015fleme amac\u0131n\u0131n gerekli k\u0131ld\u0131\u011f\u0131 s\u00fcre boyunca yurti\u00e7inde ve\/veya gerekli g\u00fcvenlik \u015fartlar\u0131n\u0131n sa\u011flanmas\u0131 kayd\u0131yla yurtd\u0131\u015f\u0131nda saklamas\u0131na ve\/veya yurtd\u0131\u015f\u0131na aktar\u0131lmas\u0131na a\u00e7\u0131k\u00e7a izin verdi\u011fimi ve taraf\u0131ma eri\u015filmesi nedeniyle herhangi bir zarara u\u011frad\u0131\u011f\u0131m konusunda talepte bulunmayaca\u011f\u0131m\u0131, \u201cmicroct.com.tr\u201d ve grup \u015firketlerini sorumlu tutmayaca\u011f\u0131m\u0131; aksini bildirmedi\u011fim s\u00fcrece verdi\u011fim bu onay\u0131n t\u00fcm grup \u015firketleriniz a\u00e7\u0131s\u0131ndan ge\u00e7erli olaca\u011f\u0131n\u0131 kabul ve beyan ederim.\r\n\r\nM\u00fc\u015fteri Ad\u0131 Soyad\u0131:\r\n\r\n&nbsp;\r\n\r\nE-posta:\r\n\r\n&nbsp;\r\n\r\nTelefon:\r\n\r\n&nbsp;\r\n\r\nTarih:\r\n\r\n&nbsp;\r\n\r\n\u0130mza:","protected":false},"excerpt":{"rendered":"<div class=\"mh-excerpt\"><p>6698 SAYILI K\u0130\u015e\u0130SEL VER\u0130LER\u0130N KORUNMASI KANUNU (\u201cKVKK\u201d) UYARINCA K\u0130\u015e\u0130SEL VER\u0130LER\u0130N KORUNMASI HAKKINDA UYARINCA K\u0130\u015e\u0130SEL VER\u0130LER\u0130N\u0130Z\u0130N KORUNMASI HAKKINDA AYDINLATMA METN\u0130 Biz, \u201cmicroct.com.tr\u201d olarak olarak; hangi ki\u015fisel <a class=\"mh-excerpt-more\" href=\"https:\/\/microct.com.tr\/?page_id=41\" title=\"KVKK\">[&#8230;]<\/a><\/p>\n<\/div>","protected":false},"author":1,"featured_media":0,"parent":0,"menu_order":0,"comment_status":"closed","ping_status":"closed","template":"template-full.php","meta":{"advgb_blocks_editor_width":"","advgb_blocks_columns_visual_guide":"","footnotes":""},"class_list":["post-41","page","type-page","status-publish","hentry"],"coauthors":[],"author_meta":{"author_link":"https:\/\/microct.com.tr\/?author=1","display_name":"teknohoras"},"relative_dates":{"created":"Posted 3 y\u0131l ago","modified":"Updated 3 y\u0131l ago"},"absolute_dates":{"created":"Posted on Aral\u0131k 16, 2022","modified":"Updated on \u015eubat 22, 2023"},"absolute_dates_time":{"created":"Posted on Aral\u0131k 16, 2022 7:53 pm","modified":"Updated on \u015eubat 22, 2023 1:13 pm"},"featured_img_caption":"","featured_img":false,"series_order":"","_links":{"self":[{"href":"https:\/\/microct.com.tr\/index.php?rest_route=\/wp\/v2\/pages\/41","targetHints":{"allow":["GET"]}}],"collection":[{"href":"https:\/\/microct.com.tr\/index.php?rest_route=\/wp\/v2\/pages"}],"about":[{"href":"https:\/\/microct.com.tr\/index.php?rest_route=\/wp\/v2\/types\/page"}],"author":[{"embeddable":true,"href":"https:\/\/microct.com.tr\/index.php?rest_route=\/wp\/v2\/users\/1"}],"replies":[{"embeddable":true,"href":"https:\/\/microct.com.tr\/index.php?rest_route=%2Fwp%2Fv2%2Fcomments&post=41"}],"version-history":[{"count":4,"href":"https:\/\/microct.com.tr\/index.php?rest_route=\/wp\/v2\/pages\/41\/revisions"}],"predecessor-version":[{"id":129,"href":"https:\/\/microct.com.tr\/index.php?rest_route=\/wp\/v2\/pages\/41\/revisions\/129"}],"wp:attachment":[{"href":"https:\/\/microct.com.tr\/index.php?rest_route=%2Fwp%2Fv2%2Fmedia&parent=41"}],"curies":[{"name":"wp","href":"https:\/\/api.w.org\/{rel}","templated":true}]}}