{"id":23,"date":"2022-12-16T19:43:00","date_gmt":"2022-12-16T19:43:00","guid":{"rendered":"https:\/\/microct.com.tr\/?page_id=23"},"modified":"2023-02-17T12:29:28","modified_gmt":"2023-02-17T12:29:28","slug":"xrm-nedir","status":"publish","type":"page","link":"https:\/\/microct.com.tr\/?page_id=23","title":{"rendered":"XRM &#8211; mCT (Teknik Bilgiler)"},"content":{"rendered":"\u00d6rne\u011fin bir numune i\u00e7in 360 derece tarama yapmak istiyoruz. 1 derecelik a\u00e7\u0131larda 1 radyografi g\u00f6r\u00fcnt\u00fc alacak \u015fekilde tarama parametrelerini ayarlad\u0131k ve MicroCT taramas\u0131n\u0131 yapt\u0131k. 360 derecede 1 derecelik a\u00e7\u0131larda 1 g\u00f6r\u00fcnt\u00fc alacaksak, bu tomografi 360 radyografik g\u00f6r\u00fcnt\u00fcde bir data seti olu\u015fturur. \u0130lk olu\u015fturulan data set ham datad\u0131r ve i\u015flenmesi gerekir. Bruker Skyscan microct cihazlarda ham data NRecon yaz\u0131l\u0131m\u0131 ile i\u015flenir (Reconstruction) ve bmp format\u0131na \u00e7evrilir. Dataset Reconstruction i\u015flemi esnas\u0131nda artefaktlardan ar\u0131nd\u0131r\u0131l\u0131r ve \u00e7ekim hatalar\u0131ndan giderilebilir. Artefaktlar, Ring artefakt\u0131, metal yans\u0131malar\u0131 i\u00e7in Beam Hardening denilebilir. \u00c7ekim hatalar\u0131 olarak da Hizalama (misalingment) hatas\u0131 ve hareket artefakt\u0131 Bruker Skyscan yaz\u0131l\u0131mlar\u0131 ile bu t\u00fcr hata ve artefaktlar\u0131 minimize edersiniz. Di\u011fer marka cihazlarda 2 bilgisayar \u00fczerinden i\u015flemler y\u00fcr\u00fct\u00fcl\u00fcr. 1. i\u015f istasyonu cihaza ba\u011fl\u0131d\u0131r ve elde edilen ham data cihaz \u00fcreticisinin vermi\u015f oldu\u011fu Reconstruction yaz\u0131l\u0131m\u0131 ile i\u015flenebilir data haline getirilir. 2.i\u015f istasyonu ile de ImageJ, DragonFly veya Volume Graphics benzeri yaz\u0131l\u0131mlar ile g\u00f6r\u00fcnt\u00fclerinizi analiz edebilirsiniz.\r\n\r\n<iframe loading=\"lazy\" title=\"X-Ray Microscopy Introduction\" width=\"500\" height=\"281\" src=\"https:\/\/www.youtube.com\/embed\/2DNpKfaU8wo?feature=oembed\" frameborder=\"0\" allow=\"accelerometer; autoplay; clipboard-write; encrypted-media; gyroscope; picture-in-picture; web-share\" referrerpolicy=\"strict-origin-when-cross-origin\" allowfullscreen><\/iframe>\r\n\r\n&nbsp;\r\n\r\n&nbsp;\r\n\r\n&nbsp;\r\n\r\n&nbsp;","protected":false},"excerpt":{"rendered":"<div class=\"mh-excerpt\"><p>\u00d6rne\u011fin bir numune i\u00e7in 360 derece tarama yapmak istiyoruz. 1 derecelik a\u00e7\u0131larda 1 radyografi g\u00f6r\u00fcnt\u00fc alacak \u015fekilde tarama parametrelerini ayarlad\u0131k ve MicroCT taramas\u0131n\u0131 yapt\u0131k. 360 <a class=\"mh-excerpt-more\" href=\"https:\/\/microct.com.tr\/?page_id=23\" title=\"XRM &#8211; mCT (Teknik Bilgiler)\">[&#8230;]<\/a><\/p>\n<\/div>","protected":false},"author":1,"featured_media":0,"parent":0,"menu_order":0,"comment_status":"closed","ping_status":"closed","template":"","meta":{"advgb_blocks_editor_width":"","advgb_blocks_columns_visual_guide":"","footnotes":""},"class_list":["post-23","page","type-page","status-publish","hentry"],"coauthors":[],"author_meta":{"author_link":"https:\/\/microct.com.tr\/?author=1","display_name":"teknohoras"},"relative_dates":{"created":"Posted 3 y\u0131l ago","modified":"Updated 3 y\u0131l ago"},"absolute_dates":{"created":"Posted on Aral\u0131k 16, 2022","modified":"Updated on \u015eubat 17, 2023"},"absolute_dates_time":{"created":"Posted on Aral\u0131k 16, 2022 7:43 pm","modified":"Updated on \u015eubat 17, 2023 12:29 pm"},"featured_img_caption":"","featured_img":false,"series_order":"","_links":{"self":[{"href":"https:\/\/microct.com.tr\/index.php?rest_route=\/wp\/v2\/pages\/23","targetHints":{"allow":["GET"]}}],"collection":[{"href":"https:\/\/microct.com.tr\/index.php?rest_route=\/wp\/v2\/pages"}],"about":[{"href":"https:\/\/microct.com.tr\/index.php?rest_route=\/wp\/v2\/types\/page"}],"author":[{"embeddable":true,"href":"https:\/\/microct.com.tr\/index.php?rest_route=\/wp\/v2\/users\/1"}],"replies":[{"embeddable":true,"href":"https:\/\/microct.com.tr\/index.php?rest_route=%2Fwp%2Fv2%2Fcomments&post=23"}],"version-history":[{"count":8,"href":"https:\/\/microct.com.tr\/index.php?rest_route=\/wp\/v2\/pages\/23\/revisions"}],"predecessor-version":[{"id":106,"href":"https:\/\/microct.com.tr\/index.php?rest_route=\/wp\/v2\/pages\/23\/revisions\/106"}],"wp:attachment":[{"href":"https:\/\/microct.com.tr\/index.php?rest_route=%2Fwp%2Fv2%2Fmedia&parent=23"}],"curies":[{"name":"wp","href":"https:\/\/api.w.org\/{rel}","templated":true}]}}