{"id":2,"date":"2016-05-10T03:48:21","date_gmt":"2016-05-10T03:48:21","guid":{"rendered":"http:\/\/microct.com.tr\/?page_id=2"},"modified":"2023-02-23T11:03:43","modified_gmt":"2023-02-23T11:03:43","slug":"sample-page","status":"publish","type":"page","link":"https:\/\/microct.com.tr\/","title":{"rendered":"Hakk\u0131nda"},"content":{"rendered":"Mikro bilgisayarl\u0131 tomografi (microCT) veya X-Ray Mikroskopi (XRM), klinik BT taramalar\u0131nda kullan\u0131lan y\u00f6ntemin ayn\u0131s\u0131 olan, ancak b\u00fcy\u00fck \u00f6l\u00e7\u00fcde y\u00fcksek \u00e7\u00f6z\u00fcn\u00fcrl\u00fckle\u00a0 ve k\u00fc\u00e7\u00fck \u00f6l\u00e7ekli nesnelerin 3 boyutlu X-\u0131\u015f\u0131n\u0131 g\u00f6r\u00fcnt\u00fcleme tekni\u011fidir. Nesnelerin \u00e7ok ince \u00f6l\u00e7ekli kesitlerde i\u00e7 yap\u0131s\u0131n\u0131n hem in-vivo hem de ex-vivo olarak tahribats\u0131z bir \u015fekilde g\u00f6r\u00fcnt\u00fclendi\u011fi 3D mikroskopi olarak da tarif edebiliriz. \u00c7\u00f6z\u00fcn\u00fcrl\u00fck seviyesine g\u00f6re mikro veya nano tomografi olarak da isimlendirebilece\u011fimiz bu teknoloji, numunenizin morfolojisinin ve i\u00e7 mikro yap\u0131s\u0131n\u0131n mikron ve hatta mikron alt\u0131 seviyeye kadar \u00e7\u00f6z\u00fcn\u00fcrl\u00fcklerle 3D g\u00f6r\u00fcnt\u00fclerini olu\u015fturan, kullan\u0131m\u0131 kolay bir dizi masa\u00fcst\u00fc veya kabin \u015feklinde tasarlanm\u0131\u015f cihazlard\u0131r.\r\n\r\n&nbsp;\r\n\r\n<iframe loading=\"lazy\" title=\"Bruker SKYSCAN 1275\" width=\"500\" height=\"281\" src=\"https:\/\/www.youtube.com\/embed\/flhsHhlWQz4?feature=oembed\" frameborder=\"0\" allow=\"accelerometer; autoplay; clipboard-write; encrypted-media; gyroscope; picture-in-picture; web-share\" referrerpolicy=\"strict-origin-when-cross-origin\" allowfullscreen><\/iframe>","protected":false},"excerpt":{"rendered":"<div class=\"mh-excerpt\"><p>Mikro bilgisayarl\u0131 tomografi (microCT) veya X-Ray Mikroskopi (XRM), klinik BT taramalar\u0131nda kullan\u0131lan y\u00f6ntemin ayn\u0131s\u0131 olan, ancak b\u00fcy\u00fck \u00f6l\u00e7\u00fcde y\u00fcksek \u00e7\u00f6z\u00fcn\u00fcrl\u00fckle\u00a0 ve k\u00fc\u00e7\u00fck \u00f6l\u00e7ekli nesnelerin 3 <a class=\"mh-excerpt-more\" href=\"https:\/\/microct.com.tr\/\" title=\"Hakk\u0131nda\">[&#8230;]<\/a><\/p>\n<\/div>","protected":false},"author":1,"featured_media":0,"parent":0,"menu_order":0,"comment_status":"closed","ping_status":"closed","template":"","meta":{"advgb_blocks_editor_width":"","advgb_blocks_columns_visual_guide":"","footnotes":""},"class_list":["post-2","page","type-page","status-publish","hentry"],"coauthors":[],"author_meta":{"author_link":"https:\/\/microct.com.tr\/?author=1","display_name":"teknohoras"},"relative_dates":{"created":"Posted 10 y\u0131l ago","modified":"Updated 3 y\u0131l ago"},"absolute_dates":{"created":"Posted on May\u0131s 10, 2016","modified":"Updated on \u015eubat 23, 2023"},"absolute_dates_time":{"created":"Posted on May\u0131s 10, 2016 3:48 am","modified":"Updated on \u015eubat 23, 2023 11:03 am"},"featured_img_caption":"","featured_img":false,"series_order":"","_links":{"self":[{"href":"https:\/\/microct.com.tr\/index.php?rest_route=\/wp\/v2\/pages\/2","targetHints":{"allow":["GET"]}}],"collection":[{"href":"https:\/\/microct.com.tr\/index.php?rest_route=\/wp\/v2\/pages"}],"about":[{"href":"https:\/\/microct.com.tr\/index.php?rest_route=\/wp\/v2\/types\/page"}],"author":[{"embeddable":true,"href":"https:\/\/microct.com.tr\/index.php?rest_route=\/wp\/v2\/users\/1"}],"replies":[{"embeddable":true,"href":"https:\/\/microct.com.tr\/index.php?rest_route=%2Fwp%2Fv2%2Fcomments&post=2"}],"version-history":[{"count":7,"href":"https:\/\/microct.com.tr\/index.php?rest_route=\/wp\/v2\/pages\/2\/revisions"}],"predecessor-version":[{"id":135,"href":"https:\/\/microct.com.tr\/index.php?rest_route=\/wp\/v2\/pages\/2\/revisions\/135"}],"wp:attachment":[{"href":"https:\/\/microct.com.tr\/index.php?rest_route=%2Fwp%2Fv2%2Fmedia&parent=2"}],"curies":[{"name":"wp","href":"https:\/\/api.w.org\/{rel}","templated":true}]}}